{"id":13,"date":"2017-07-13T19:54:24","date_gmt":"2017-07-13T17:54:24","guid":{"rendered":"http:\/\/localhost\/wp-test-2\/?page_id=13"},"modified":"2018-07-10T07:21:12","modified_gmt":"2018-07-10T05:21:12","slug":"sportangebot","status":"publish","type":"page","link":"https:\/\/www.sfvholthusen.de\/?page_id=13","title":{"rendered":"Sportangebot"},"content":{"rendered":"<p>Unser Verein verf\u00fcgt \u00fcber ein breites Sportangebot f\u00fcr Gro\u00df und Klein. Die einzelnen Sparten sind auf den folgenden Seiten zu finden:<\/p>\n<ul>\n<li><a href=\"https:\/\/www.sfvholthusen.de\/?page_id=25\">Fussball<\/a><\/li>\n<li><a href=\"https:\/\/www.sfvholthusen.de\/?page_id=27\">Judo<\/a><\/li>\n<li><a href=\"https:\/\/www.sfvholthusen.de\/?page_id=35\">Badminton<\/a><\/li>\n<li><a href=\"https:\/\/www.sfvholthusen.de\/?page_id=33\">Kegeln<\/a><\/li>\n<li><a href=\"https:\/\/www.sfvholthusen.de\/?page_id=31\">Volleyball<\/a><\/li>\n<li><a href=\"https:\/\/www.sfvholthusen.de\/?page_id=29\">Seniorensport<\/a><\/li>\n<\/ul>\n","protected":false},"excerpt":{"rendered":"<p>Unser Verein verf\u00fcgt \u00fcber ein breites Sportangebot f\u00fcr Gro\u00df und Klein. Die einzelnen Sparten sind auf den folgenden Seiten zu finden: Fussball Judo Badminton Kegeln Volleyball Seniorensport<\/p>\n","protected":false},"author":1,"featured_media":0,"parent":0,"menu_order":0,"comment_status":"closed","ping_status":"closed","template":"","meta":{"footnotes":""},"class_list":["post-13","page","type-page","status-publish","hentry"],"_links":{"self":[{"href":"https:\/\/www.sfvholthusen.de\/index.php?rest_route=\/wp\/v2\/pages\/13","targetHints":{"allow":["GET"]}}],"collection":[{"href":"https:\/\/www.sfvholthusen.de\/index.php?rest_route=\/wp\/v2\/pages"}],"about":[{"href":"https:\/\/www.sfvholthusen.de\/index.php?rest_route=\/wp\/v2\/types\/page"}],"author":[{"embeddable":true,"href":"https:\/\/www.sfvholthusen.de\/index.php?rest_route=\/wp\/v2\/users\/1"}],"replies":[{"embeddable":true,"href":"https:\/\/www.sfvholthusen.de\/index.php?rest_route=%2Fwp%2Fv2%2Fcomments&post=13"}],"version-history":[{"count":6,"href":"https:\/\/www.sfvholthusen.de\/index.php?rest_route=\/wp\/v2\/pages\/13\/revisions"}],"predecessor-version":[{"id":548,"href":"https:\/\/www.sfvholthusen.de\/index.php?rest_route=\/wp\/v2\/pages\/13\/revisions\/548"}],"wp:attachment":[{"href":"https:\/\/www.sfvholthusen.de\/index.php?rest_route=%2Fwp%2Fv2%2Fmedia&parent=13"}],"curies":[{"name":"wp","href":"https:\/\/api.w.org\/{rel}","templated":true}]}}