{"id":15,"date":"2017-07-13T19:54:44","date_gmt":"2017-07-13T17:54:44","guid":{"rendered":"http:\/\/localhost\/wp-test-2\/?page_id=15"},"modified":"2022-12-11T14:44:30","modified_gmt":"2022-12-11T13:44:30","slug":"mitglied-werden","status":"publish","type":"page","link":"https:\/\/www.sfvholthusen.de\/?page_id=15","title":{"rendered":"Mitglied werden"},"content":{"rendered":"<h2><strong>Fit &amp; Aktiv<\/strong><\/h2>\n<p><strong>Spa\u00df haben und Gesund bleiben ist unser Motto. Wir unterst\u00fctzen Sie dabei.<br \/>\n<\/strong><\/p>\n<p>Werden Sie Mitglied im Sport- und Freizeitverein Holthusen.<\/p>\n<p><strong>Wie kann ich Mitglied werden?<\/strong><\/p>\n<p>Ganz einfach: F\u00fcllen Sie eine Beitrittserkl\u00e4rung aus und senden diese an den Vorstand:<\/p>\n<p>SFV Holthusen e.V.<br \/>\nB\u00fcdnerweg 4<br \/>\n19075 Holthusen<br \/>\nTelefon: 03865 83 84 24<\/p>\n<p>Im folgenden k\u00f6nnen Sie f\u00fcr die einzelnen Sektionen die Aufnahmeantr\u00e4ge aufrufen:<\/p>\n<ul>\n<li><a href=\"https:\/\/www.sfvholthusen.de\/wp-content\/uploads\/2017\/10\/20140101_SFV_Aufnahmeantrag_Fussball.pdf\" target=\"_blank\" rel=\"noopener\">Sektion Fu\u00dfball<\/a><\/li>\n<li><a href=\"https:\/\/www.sfvholthusen.de\/wp-content\/uploads\/2017\/10\/20140101_SFV_Aufnahmeantrag_Judo_Erwachsene.pdf\" target=\"_blank\" rel=\"noopener\">Sektion Judo Erwachsene<\/a><\/li>\n<li><a href=\"https:\/\/www.sfvholthusen.de\/wp-content\/uploads\/2017\/10\/20140101_SFV_Aufnahmeantrag_Judo_Kinder.pdf\" target=\"_blank\" rel=\"noopener\">Sektion Judo Kinder<\/a><\/li>\n<li><a href=\"https:\/\/www.sfvholthusen.de\/wp-content\/uploads\/2017\/10\/20140101_SFV_Aufnahmeantrag_Badminton.pdf\" target=\"_blank\" rel=\"noopener\">Sektion Badminton<\/a><\/li>\n<li><a href=\"https:\/\/www.sfvholthusen.de\/wp-content\/uploads\/2017\/10\/20140101_SFV_Aufnahmeantrag_Kegeln.pdf\" target=\"_blank\" rel=\"noopener\">Sektion Kegeln<\/a><\/li>\n<li><a href=\"https:\/\/www.sfvholthusen.de\/wp-content\/uploads\/2017\/10\/20140101_SFV_Aufnahmeantrag_Seniorengymnastik.pdf\" target=\"_blank\" rel=\"noopener\">Sektion Seniorensport<\/a><\/li>\n<li><a href=\"https:\/\/www.sfvholthusen.de\/wp-content\/uploads\/2017\/10\/20140101_SFV_Aufnahmeantrag_Foedermitglieder.pdf\" target=\"_blank\" rel=\"noopener\">F\u00f6rdermitglieder<\/a><\/li>\n<\/ul>\n","protected":false},"excerpt":{"rendered":"<p>Fit &amp; Aktiv Spa\u00df haben und Gesund bleiben ist unser Motto. Wir unterst\u00fctzen Sie dabei. Werden Sie Mitglied im Sport- und Freizeitverein Holthusen. Wie kann ich Mitglied werden? Ganz einfach: F\u00fcllen Sie eine Beitrittserkl\u00e4rung aus und senden diese an den Vorstand: SFV Holthusen e.V. B\u00fcdnerweg 4 19075 Holthusen Telefon: 03865 83 84 24 Im folgenden [&hellip;]<\/p>\n","protected":false},"author":1,"featured_media":0,"parent":0,"menu_order":0,"comment_status":"closed","ping_status":"closed","template":"","meta":{"footnotes":""},"class_list":["post-15","page","type-page","status-publish","hentry"],"_links":{"self":[{"href":"https:\/\/www.sfvholthusen.de\/index.php?rest_route=\/wp\/v2\/pages\/15","targetHints":{"allow":["GET"]}}],"collection":[{"href":"https:\/\/www.sfvholthusen.de\/index.php?rest_route=\/wp\/v2\/pages"}],"about":[{"href":"https:\/\/www.sfvholthusen.de\/index.php?rest_route=\/wp\/v2\/types\/page"}],"author":[{"embeddable":true,"href":"https:\/\/www.sfvholthusen.de\/index.php?rest_route=\/wp\/v2\/users\/1"}],"replies":[{"embeddable":true,"href":"https:\/\/www.sfvholthusen.de\/index.php?rest_route=%2Fwp%2Fv2%2Fcomments&post=15"}],"version-history":[{"count":8,"href":"https:\/\/www.sfvholthusen.de\/index.php?rest_route=\/wp\/v2\/pages\/15\/revisions"}],"predecessor-version":[{"id":1243,"href":"https:\/\/www.sfvholthusen.de\/index.php?rest_route=\/wp\/v2\/pages\/15\/revisions\/1243"}],"wp:attachment":[{"href":"https:\/\/www.sfvholthusen.de\/index.php?rest_route=%2Fwp%2Fv2%2Fmedia&parent=15"}],"curies":[{"name":"wp","href":"https:\/\/api.w.org\/{rel}","templated":true}]}}