{"id":2,"date":"2017-06-26T20:06:50","date_gmt":"2017-06-26T18:06:50","guid":{"rendered":"http:\/\/localhost\/wp-test-2\/?page_id=2"},"modified":"2025-02-07T10:42:18","modified_gmt":"2025-02-07T09:42:18","slug":"beispiel-seite","status":"publish","type":"page","link":"https:\/\/www.sfvholthusen.de\/","title":{"rendered":"Willkommen"},"content":{"rendered":"<h1>Sport- und Freizeitverein Holthusen e.V.<\/h1>\n<p><img loading=\"lazy\" decoding=\"async\" class=\"size-thumbnail wp-image-72 alignleft\" src=\"https:\/\/www.sfvholthusen.de\/wp-content\/uploads\/2017\/07\/cropped-SFV-logo-1-150x150.png\" alt=\"\" width=\"150\" height=\"150\" \/>Wir begr\u00fc\u00dfen Sie recht herzlich auf den Seiten unseres Sportvereins.<\/p>\n<p>Gemeinsame Erfolgserlebnisse machen Spa\u00df und schaffen Zusammenhalt. Unseren Mitgliedern bieten wir ein breites <a href=\"https:\/\/www.sfvholthusen.de\/?page_id=13\">Sportangebot<\/a>. Gegr\u00fcndet wurde unser Verein im Jahr 2008.<\/p>\n<p>Auf den Seiten unserer Homepage finden Sie viele n\u00fctzliche Informationen und Neuigkeiten. Schauen Sie sich in Ruhe um. Bei Fragen, Anregungen oder W\u00fcnschen stehen wir Ihnen \u00fcber unser <a href=\"https:\/\/www.sfvholthusen.de\/?page_id=17\">Kontaktformular<\/a> selbstverst\u00e4ndlich gern zur Verf\u00fcgung.<\/p>\n<p>Ihr Vorstand<\/p>\n","protected":false},"excerpt":{"rendered":"<p>Sport- und Freizeitverein Holthusen e.V. Wir begr\u00fc\u00dfen Sie recht herzlich auf den Seiten unseres Sportvereins. Gemeinsame Erfolgserlebnisse machen Spa\u00df und schaffen Zusammenhalt. Unseren Mitgliedern bieten wir ein breites Sportangebot. Gegr\u00fcndet wurde unser Verein im Jahr 2008. Auf den Seiten unserer Homepage finden Sie viele n\u00fctzliche Informationen und Neuigkeiten. Schauen Sie sich in Ruhe um. Bei [&hellip;]<\/p>\n","protected":false},"author":1,"featured_media":0,"parent":0,"menu_order":0,"comment_status":"closed","ping_status":"open","template":"","meta":{"footnotes":""},"class_list":["post-2","page","type-page","status-publish","hentry"],"_links":{"self":[{"href":"https:\/\/www.sfvholthusen.de\/index.php?rest_route=\/wp\/v2\/pages\/2","targetHints":{"allow":["GET"]}}],"collection":[{"href":"https:\/\/www.sfvholthusen.de\/index.php?rest_route=\/wp\/v2\/pages"}],"about":[{"href":"https:\/\/www.sfvholthusen.de\/index.php?rest_route=\/wp\/v2\/types\/page"}],"author":[{"embeddable":true,"href":"https:\/\/www.sfvholthusen.de\/index.php?rest_route=\/wp\/v2\/users\/1"}],"replies":[{"embeddable":true,"href":"https:\/\/www.sfvholthusen.de\/index.php?rest_route=%2Fwp%2Fv2%2Fcomments&post=2"}],"version-history":[{"count":16,"href":"https:\/\/www.sfvholthusen.de\/index.php?rest_route=\/wp\/v2\/pages\/2\/revisions"}],"predecessor-version":[{"id":1500,"href":"https:\/\/www.sfvholthusen.de\/index.php?rest_route=\/wp\/v2\/pages\/2\/revisions\/1500"}],"wp:attachment":[{"href":"https:\/\/www.sfvholthusen.de\/index.php?rest_route=%2Fwp%2Fv2%2Fmedia&parent=2"}],"curies":[{"name":"wp","href":"https:\/\/api.w.org\/{rel}","templated":true}]}}