{"id":25,"date":"2017-07-13T19:55:56","date_gmt":"2017-07-13T17:55:56","guid":{"rendered":"http:\/\/localhost\/wp-test-2\/?page_id=25"},"modified":"2024-10-05T19:42:55","modified_gmt":"2024-10-05T17:42:55","slug":"fussball","status":"publish","type":"page","link":"https:\/\/www.sfvholthusen.de\/?page_id=25","title":{"rendered":"Fussball"},"content":{"rendered":"<p>Seit der Gr\u00fcndung des Sport- und Freizeitverein Holthusen e.V. im Jahre 2008 geh\u00f6rt die Abteilung Fu\u00dfball zu einer der aktivsten und mitgliederst\u00e4rksten Sparten des Vereins. Die Grundlage unserer Arbeit bildet der unerm\u00fcdliche und engagierte Einsatz der ehrenamtlichen Trainer, Co-Trainer und Betreuer. M\u00f6chten Sie mehr erfahren oder an einem Probetraining teilnehmen? Dann nehmen Sie gern <a href=\"https:\/\/www.sfvholthusen.de\/?page_id=17\">Kontakt<\/a> zu uns auf. Weitere Informationen finden Sie auf Fussball.de und Facebook:<\/p>\n<p><a href=\"https:\/\/www.fussball.de\/verein\/sfv-holthusen-mecklenburg-vorpommern\/-\/id\/00VIQAQ86S000000VV0AG80NVSS49TAG#!\/section\/stage\" target=\"_blank\" rel=\"noopener\"><img loading=\"lazy\" decoding=\"async\" class=\"alignnone wp-image-258 size-full\" src=\"http:\/\/www.sfvholthusen.de\/wp-content\/uploads\/2017\/11\/fussball-de.jpg\" alt=\"\" width=\"205\" height=\"33\" \/><\/a>\u00a0\u00a0\u00a0 <a href=\"https:\/\/www.facebook.com\/SFV-Holthusen-154754147935339\/\" target=\"_blank\" rel=\"noopener\"><img loading=\"lazy\" decoding=\"async\" class=\"alignnone wp-image-259\" src=\"https:\/\/www.sfvholthusen.de\/wp-content\/uploads\/2017\/11\/facebook.png\" alt=\"\" width=\"30\" height=\"30\" \/><\/a><\/p>\n\n\n<p><a href=\"https:\/\/www.instagram.com\/sfv_holthusen\">https:\/\/www.instagram.com\/sfv_holthusen<\/a><\/p>\n\n\n\n<p><\/p>\n","protected":false},"excerpt":{"rendered":"<p>Seit der Gr\u00fcndung des Sport- und Freizeitverein Holthusen e.V. im Jahre 2008 geh\u00f6rt die Abteilung Fu\u00dfball zu einer der aktivsten und mitgliederst\u00e4rksten Sparten des Vereins. Die Grundlage unserer Arbeit bildet der unerm\u00fcdliche und engagierte Einsatz der ehrenamtlichen Trainer, Co-Trainer und Betreuer. M\u00f6chten Sie mehr erfahren oder an einem Probetraining teilnehmen? Dann nehmen Sie gern Kontakt [&hellip;]<\/p>\n","protected":false},"author":1,"featured_media":0,"parent":0,"menu_order":0,"comment_status":"closed","ping_status":"closed","template":"","meta":{"footnotes":""},"class_list":["post-25","page","type-page","status-publish","hentry"],"_links":{"self":[{"href":"https:\/\/www.sfvholthusen.de\/index.php?rest_route=\/wp\/v2\/pages\/25","targetHints":{"allow":["GET"]}}],"collection":[{"href":"https:\/\/www.sfvholthusen.de\/index.php?rest_route=\/wp\/v2\/pages"}],"about":[{"href":"https:\/\/www.sfvholthusen.de\/index.php?rest_route=\/wp\/v2\/types\/page"}],"author":[{"embeddable":true,"href":"https:\/\/www.sfvholthusen.de\/index.php?rest_route=\/wp\/v2\/users\/1"}],"replies":[{"embeddable":true,"href":"https:\/\/www.sfvholthusen.de\/index.php?rest_route=%2Fwp%2Fv2%2Fcomments&post=25"}],"version-history":[{"count":13,"href":"https:\/\/www.sfvholthusen.de\/index.php?rest_route=\/wp\/v2\/pages\/25\/revisions"}],"predecessor-version":[{"id":1465,"href":"https:\/\/www.sfvholthusen.de\/index.php?rest_route=\/wp\/v2\/pages\/25\/revisions\/1465"}],"wp:attachment":[{"href":"https:\/\/www.sfvholthusen.de\/index.php?rest_route=%2Fwp%2Fv2%2Fmedia&parent=25"}],"curies":[{"name":"wp","href":"https:\/\/api.w.org\/{rel}","templated":true}]}}