{"id":27,"date":"2017-07-13T19:56:08","date_gmt":"2017-07-13T17:56:08","guid":{"rendered":"http:\/\/localhost\/wp-test-2\/?page_id=27"},"modified":"2025-09-14T11:24:31","modified_gmt":"2025-09-14T09:24:31","slug":"judo","status":"publish","type":"page","link":"https:\/\/www.sfvholthusen.de\/?page_id=27","title":{"rendered":"Judo"},"content":{"rendered":"\n<p>Herzlich Willkommen bei der Sektion Judo.<\/p>\n\n\n\n<p>Wir, der SFV Holthusen, haben im September 2012 die Sektion Judo ins Leben gerufen. Seitdem bilden wir Kinder, Jugendliche und Erwachsene in der japanischen Kampfsportart Judo aus. Unsere Sektion besteht aus ca. 30 Mitgliedern.<\/p>\n\n\n\n<p>Durch unsere Trainer Mirco Bartke ( Cheftrainer, 3. Dan, deutscher Vizemeister), Thomas Zink ( 1. Kyu, deutscher Vizemeister) und Hartmut &#8222;Harzi&#8220; Schr\u00f6der ( 2. Dan und Deutscher Meister) wird eine sehr gute Ausbildung angeboten. Die &#8220; gemischte&#8220; Trainingsgruppe, von jung bis alt, von Anf\u00e4nger bis &#8220; alten Hasen &#8220; trainiert 2-3 mal die Woche.<\/p>\n\n\n\n<p>Wir legen sehr viel Wert auf Aus- und Weiterbildung, somit haben wir gesamt 8 Dan-Tr\u00e4ger ( 3. Dan : Mirco,&nbsp; 2.Dan: Caroline, Dirk und Hartmut, 1.Dan: Celina, Nico, Maiko, Anja), als Trainer stehen uns Celina, Thomas , Mirco und Hartmut zur Verf\u00fcgung. Bei Wettk\u00e4mpfen brauchen wir selbstverst\u00e4ndlich auch Kampfrichter, hier legten Caroline und Dirk die Pr\u00fcfung ab.<\/p>\n\n\n\n<p>Der Judoka will und m\u00f6chte sich in Wettk\u00e4mpfen beweisen, aber auch in der Farbe des G\u00fcrtels weiter entwickeln- hierbei steht Mirco als Pr\u00fcfer zur Seite und nimmt Pr\u00fcfungen bis 1. Kyu\/ braun ab.<\/p>\n\n\n\n<p>Hast Du Interesse daran eine Kampfsportart zu erlernen, dann bist Du bei uns herzlich willkommen. Du solltet mindestens 6 Jahre alt sein und Lust am Sport haben. Egal ob Du gro\u00df, klein, dick oder d\u00fcnn bist, hier ist jeder am Start. Auch f\u00fcr M\u00e4dchen ist diese Kampfsportart genau das Richtige. Judo hei\u00dft der sanfte Weg.<\/p>\n\n\n\n<p>Wir freuen uns \u00fcber jeden Interessenten der montags zu den Trainingszeiten erscheinen m\u00f6chte. Lange Sportsachen sind bitte mitzubringen. Nehmen Sie gern <a href=\"https:\/\/www.sfvholthusen.de\/?page_id=17\">Kontakt<\/a> zu uns auf.<\/p>\n\n\n\n<p>Bei uns wird nicht zugeschaut, es wird gleich mitgemacht.<\/p>\n\n\n\n<h1 class=\"wp-block-heading\"><a href=\"https:\/\/www.facebook.com\/groups\/177223855787310\/\" target=\"_blank\" rel=\"noopener\"><figure><img loading=\"lazy\" decoding=\"async\" class=\"alignnone  wp-image-259\" src=\"https:\/\/www.sfvholthusen.de\/wp-content\/uploads\/2017\/11\/facebook.png\" alt=\"\" width=\"20\" height=\"20\"><\/figure>&nbsp;SFV Holthusen Sektion Judo&nbsp;<\/a><\/h1>\n\n\n\n<p><strong>Trainingszeiten der Sektion Judo<\/strong><\/p>\n\n\n\n<p>Montag &nbsp;&nbsp;&nbsp;&nbsp;&nbsp;&nbsp;&nbsp;&nbsp;&nbsp;&nbsp;&nbsp;&nbsp;&nbsp; 17:00-18:30 Uhr<\/p>\n\n\n\n<p class=\"has-text-align-left\">Freitag&nbsp; &nbsp; &nbsp; &nbsp; &nbsp; &nbsp; &nbsp; &nbsp; 18:00-19:30 Uhr<\/p>\n\n\n\n<p><strong>Ansprechpartner<\/strong><\/p>\n\n\n<div class=\"wp-block-image\">\n<figure class=\"alignleft\"><img loading=\"lazy\" decoding=\"async\" width=\"150\" height=\"150\" src=\"https:\/\/www.sfvholthusen.de\/wp-content\/uploads\/2025\/02\/1000112794-150x150.jpg\" alt=\"\" class=\"wp-image-1486\"\/><\/figure>\n<\/div>\n\n\n<p class=\"has-text-align-left\">&nbsp; &nbsp;<\/p>\n\n\n\n<p>&nbsp;<\/p>\n\n\n\n<p>&nbsp;<\/p>\n\n\n\n<p><\/p>\n\n\n\n<p class=\"has-text-align-left\">Mirco Bartke&nbsp; Tel. 0172 9959556<\/p>\n\n\n\n<p>&nbsp;<\/p>\n\n\n\n<p class=\"has-text-align-left\"><img loading=\"lazy\" decoding=\"async\" width=\"204\" height=\"204\" class=\"alignnone  wp-image-1487\" src=\"https:\/\/www.sfvholthusen.de\/wp-content\/uploads\/2025\/02\/1000112795-150x150.jpg\" alt=\"\">\u00a0<\/p>\n\n\n\n<p class=\"has-text-align-left\"> Hartmut Schr\u00f6der Tel. 0171 7459438<\/p>\n\n\n\n<p><\/p>\n","protected":false},"excerpt":{"rendered":"<p>Herzlich Willkommen bei der Sektion Judo. Wir, der SFV Holthusen, haben im September 2012 die Sektion Judo ins Leben gerufen. Seitdem bilden wir Kinder, Jugendliche und Erwachsene in der japanischen Kampfsportart Judo aus. Unsere Sektion besteht aus ca. 30 Mitgliedern. Durch unsere Trainer Mirco Bartke ( Cheftrainer, 3. Dan, deutscher Vizemeister), Thomas Zink ( 1. [&hellip;]<\/p>\n","protected":false},"author":1,"featured_media":0,"parent":0,"menu_order":0,"comment_status":"closed","ping_status":"closed","template":"","meta":{"footnotes":""},"class_list":["post-27","page","type-page","status-publish","hentry"],"_links":{"self":[{"href":"https:\/\/www.sfvholthusen.de\/index.php?rest_route=\/wp\/v2\/pages\/27","targetHints":{"allow":["GET"]}}],"collection":[{"href":"https:\/\/www.sfvholthusen.de\/index.php?rest_route=\/wp\/v2\/pages"}],"about":[{"href":"https:\/\/www.sfvholthusen.de\/index.php?rest_route=\/wp\/v2\/types\/page"}],"author":[{"embeddable":true,"href":"https:\/\/www.sfvholthusen.de\/index.php?rest_route=\/wp\/v2\/users\/1"}],"replies":[{"embeddable":true,"href":"https:\/\/www.sfvholthusen.de\/index.php?rest_route=%2Fwp%2Fv2%2Fcomments&post=27"}],"version-history":[{"count":31,"href":"https:\/\/www.sfvholthusen.de\/index.php?rest_route=\/wp\/v2\/pages\/27\/revisions"}],"predecessor-version":[{"id":1520,"href":"https:\/\/www.sfvholthusen.de\/index.php?rest_route=\/wp\/v2\/pages\/27\/revisions\/1520"}],"wp:attachment":[{"href":"https:\/\/www.sfvholthusen.de\/index.php?rest_route=%2Fwp%2Fv2%2Fmedia&parent=27"}],"curies":[{"name":"wp","href":"https:\/\/api.w.org\/{rel}","templated":true}]}}