{"id":29,"date":"2017-07-13T19:56:28","date_gmt":"2017-07-13T17:56:28","guid":{"rendered":"http:\/\/localhost\/wp-test-2\/?page_id=29"},"modified":"2018-07-10T07:26:34","modified_gmt":"2018-07-10T05:26:34","slug":"seniorensport","status":"publish","type":"page","link":"https:\/\/www.sfvholthusen.de\/?page_id=29","title":{"rendered":"Seniorensport"},"content":{"rendered":"<p>In unserer Sportgruppe bem\u00fchen sich gegenw\u00e4rtig 16 M\u00e4nner und Frauen unterschiedlichen Alters fit zu bleiben. Wir treffen uns seit Juni 2013 jeden Mittwoch um 9.30 Uhr in der Mehrzweckhalle unter der Anleitung eines Physiotherapeuten zu einer kurzweiligen und trotzdem intensiven Trainigsstunde. In gr\u00f6\u00dferen Abst\u00e4nden \u2013 egal ob Sommer oder Winter \u2013 organisieren wir zus\u00e4tzlich ein paar gesellige Stunden an der Bocciabahn auf dem Sportplatz.\u00a0Zweimal im Jahr f\u00fchren sie ein kleines Bocciaturnier durch.<\/p>\n<p>M\u00f6chten Sie mehr erfahren oder an einem Probetraining teilnehmen? Dann nehmen Sie gern <a href=\"https:\/\/www.sfvholthusen.de\/?page_id=17\">Kontakt<\/a> zu uns auf.<\/p>\n<div id=\"metaslider-id-223\" style=\"max-width: 800px;\" class=\"ml-slider-3-108-0 metaslider metaslider-nivo metaslider-223 ml-slider ms-theme-default\" role=\"region\" aria-label=\"Sektion Seniorengymnastik\" data-height=\"500\" data-width=\"800\">\n    <div id=\"metaslider_container_223\">\n        <div class='slider-wrapper theme-default'><div class='ribbon'><\/div><div id='metaslider_223' class='nivoSlider'><img loading=\"lazy\" decoding=\"async\" src=\"https:\/\/www.sfvholthusen.de\/wp-content\/uploads\/2017\/11\/Sportgruppe-2014-1111-800x500.jpg\" height=\"500\" width=\"800\" data-caption=\"Sektion Seniorengymnastik\" alt=\"\" class=\"slider-223 slide-224 msDefaultImage\" \/><img loading=\"lazy\" decoding=\"async\" src=\"https:\/\/www.sfvholthusen.de\/wp-content\/uploads\/2017\/11\/Boccia-2015-10.-4-800x500.jpg\" height=\"500\" width=\"800\" data-caption=\"Sektion Seniorengymnastik\" alt=\"\" class=\"slider-223 slide-225 msDefaultImage\" \/><img loading=\"lazy\" decoding=\"async\" src=\"https:\/\/www.sfvholthusen.de\/wp-content\/uploads\/2017\/11\/Sportgruppe-Amtsblatt-800x500.jpg\" height=\"500\" width=\"800\" data-caption=\"Sektion Seniorengymnastik\" alt=\"\" class=\"slider-223 slide-226 msDefaultImage\" \/><\/div><\/div>\n        \n    <\/div>\n<\/div>\n<p>&nbsp;<\/p>\n<p>&nbsp;<\/p>\n","protected":false},"excerpt":{"rendered":"<p>In unserer Sportgruppe bem\u00fchen sich gegenw\u00e4rtig 16 M\u00e4nner und Frauen unterschiedlichen Alters fit zu bleiben. Wir treffen uns seit Juni 2013 jeden Mittwoch um 9.30 Uhr in der Mehrzweckhalle unter der Anleitung eines Physiotherapeuten zu einer kurzweiligen und trotzdem intensiven Trainigsstunde. In gr\u00f6\u00dferen Abst\u00e4nden \u2013 egal ob Sommer oder Winter \u2013 organisieren wir zus\u00e4tzlich ein [&hellip;]<\/p>\n","protected":false},"author":1,"featured_media":0,"parent":0,"menu_order":0,"comment_status":"closed","ping_status":"closed","template":"","meta":{"footnotes":""},"class_list":["post-29","page","type-page","status-publish","hentry"],"_links":{"self":[{"href":"https:\/\/www.sfvholthusen.de\/index.php?rest_route=\/wp\/v2\/pages\/29","targetHints":{"allow":["GET"]}}],"collection":[{"href":"https:\/\/www.sfvholthusen.de\/index.php?rest_route=\/wp\/v2\/pages"}],"about":[{"href":"https:\/\/www.sfvholthusen.de\/index.php?rest_route=\/wp\/v2\/types\/page"}],"author":[{"embeddable":true,"href":"https:\/\/www.sfvholthusen.de\/index.php?rest_route=\/wp\/v2\/users\/1"}],"replies":[{"embeddable":true,"href":"https:\/\/www.sfvholthusen.de\/index.php?rest_route=%2Fwp%2Fv2%2Fcomments&post=29"}],"version-history":[{"count":5,"href":"https:\/\/www.sfvholthusen.de\/index.php?rest_route=\/wp\/v2\/pages\/29\/revisions"}],"predecessor-version":[{"id":554,"href":"https:\/\/www.sfvholthusen.de\/index.php?rest_route=\/wp\/v2\/pages\/29\/revisions\/554"}],"wp:attachment":[{"href":"https:\/\/www.sfvholthusen.de\/index.php?rest_route=%2Fwp%2Fv2%2Fmedia&parent=29"}],"curies":[{"name":"wp","href":"https:\/\/api.w.org\/{rel}","templated":true}]}}