{"id":33,"date":"2017-07-13T19:56:54","date_gmt":"2017-07-13T17:56:54","guid":{"rendered":"http:\/\/localhost\/wp-test-2\/?page_id=33"},"modified":"2018-07-10T07:25:51","modified_gmt":"2018-07-10T05:25:51","slug":"kegeln","status":"publish","type":"page","link":"https:\/\/www.sfvholthusen.de\/?page_id=33","title":{"rendered":"Kegeln"},"content":{"rendered":"<p>Die Kegler des SFV z\u00e4hlen zu den \u201eSportlern der ersten Stunde\u201c des Holthusener Vereins.<\/p>\n<p>14-t\u00e4gig, immer mittwochs von 18 bis 20 Uhr, rollen die Kugeln auf der Kegelbahn der ortsans\u00e4ssigen Gastst\u00e4tte \u201eZum alten Wirtshaus\u201c, neuerdings sogar jede Woche im Winterhalbjahr.<\/p>\n<p>Zurzeit geh\u00f6ren 12 Kegelbr\u00fcder und -schwestern unterschiedlichen Alters zur Gruppe, damit sind die beiden Bahnen optimal ausgelastet. Jeder hat pro Abend 60 bis 80 Wurf unter Anleitung unserer \u201eChefin\u201c B\u00e4rbel Stecker.<\/p>\n<p>Ein Punkte-Straf-und Belohnungssystem sorgt daf\u00fcr, dass sich die Kegelkasse \u00fcbers Jahr f\u00fcllt, um damit eine finanzielle Basis f\u00fcr ein gemeinsames Highlight zum Jahresende zu schaffen.<\/p>\n<p>M\u00f6chten Sie mehr erfahren oder mitmachen? Dann nehmen Sie gern <a href=\"https:\/\/www.sfvholthusen.de\/?page_id=17\">Kontakt<\/a> zu uns auf.<\/p>\n<div id=\"metaslider-id-216\" style=\"max-width: 800px;\" class=\"ml-slider-3-108-0 metaslider metaslider-nivo metaslider-216 ml-slider ms-theme-default\" role=\"region\" aria-label=\"Sektion Kegeln\" data-height=\"500\" data-width=\"800\">\n    <div id=\"metaslider_container_216\">\n        <div class='slider-wrapper theme-default'><div class='ribbon'><\/div><div id='metaslider_216' class='nivoSlider'><img loading=\"lazy\" decoding=\"async\" src=\"https:\/\/www.sfvholthusen.de\/wp-content\/uploads\/2017\/11\/Kegler-2017-800x500.jpg\" height=\"500\" width=\"800\" data-caption=\"Sektion Kegeln\" alt=\"\" class=\"slider-216 slide-217 msDefaultImage\" \/><img loading=\"lazy\" decoding=\"async\" src=\"https:\/\/www.sfvholthusen.de\/wp-content\/uploads\/2017\/11\/Kegler-in-Aktion-2017-800x500.jpg\" height=\"500\" width=\"800\" data-caption=\"Sektion Kegeln\" alt=\"\" class=\"slider-216 slide-218 msDefaultImage\" \/><\/div><\/div>\n        \n    <\/div>\n<\/div>\n","protected":false},"excerpt":{"rendered":"<p>Die Kegler des SFV z\u00e4hlen zu den \u201eSportlern der ersten Stunde\u201c des Holthusener Vereins. 14-t\u00e4gig, immer mittwochs von 18 bis 20 Uhr, rollen die Kugeln auf der Kegelbahn der ortsans\u00e4ssigen Gastst\u00e4tte \u201eZum alten Wirtshaus\u201c, neuerdings sogar jede Woche im Winterhalbjahr. Zurzeit geh\u00f6ren 12 Kegelbr\u00fcder und -schwestern unterschiedlichen Alters zur Gruppe, damit sind die beiden Bahnen [&hellip;]<\/p>\n","protected":false},"author":1,"featured_media":0,"parent":0,"menu_order":0,"comment_status":"closed","ping_status":"closed","template":"","meta":{"footnotes":""},"class_list":["post-33","page","type-page","status-publish","hentry"],"_links":{"self":[{"href":"https:\/\/www.sfvholthusen.de\/index.php?rest_route=\/wp\/v2\/pages\/33","targetHints":{"allow":["GET"]}}],"collection":[{"href":"https:\/\/www.sfvholthusen.de\/index.php?rest_route=\/wp\/v2\/pages"}],"about":[{"href":"https:\/\/www.sfvholthusen.de\/index.php?rest_route=\/wp\/v2\/types\/page"}],"author":[{"embeddable":true,"href":"https:\/\/www.sfvholthusen.de\/index.php?rest_route=\/wp\/v2\/users\/1"}],"replies":[{"embeddable":true,"href":"https:\/\/www.sfvholthusen.de\/index.php?rest_route=%2Fwp%2Fv2%2Fcomments&post=33"}],"version-history":[{"count":5,"href":"https:\/\/www.sfvholthusen.de\/index.php?rest_route=\/wp\/v2\/pages\/33\/revisions"}],"predecessor-version":[{"id":552,"href":"https:\/\/www.sfvholthusen.de\/index.php?rest_route=\/wp\/v2\/pages\/33\/revisions\/552"}],"wp:attachment":[{"href":"https:\/\/www.sfvholthusen.de\/index.php?rest_route=%2Fwp%2Fv2%2Fmedia&parent=33"}],"curies":[{"name":"wp","href":"https:\/\/api.w.org\/{rel}","templated":true}]}}