{"id":35,"date":"2017-07-13T19:57:07","date_gmt":"2017-07-13T17:57:07","guid":{"rendered":"http:\/\/localhost\/wp-test-2\/?page_id=35"},"modified":"2018-07-10T07:25:22","modified_gmt":"2018-07-10T05:25:22","slug":"badminton","status":"publish","type":"page","link":"https:\/\/www.sfvholthusen.de\/?page_id=35","title":{"rendered":"Badminton"},"content":{"rendered":"<p><strong>Die Holthusener Badmintongruppe stellt sich vor<\/strong><\/p>\n<p>Unsere Badmintongruppe gibt seit 4 Jahren. Dieser Sport steigert die k\u00f6rperliche Fitness, die Reaktionsschnelligkeit und Konzentration. Au\u00dferdem macht Badminton besonders viel Spa\u00df. Uns stehen in der Sporthalle zwei Spielfelder zur Verf\u00fcgung.<br \/>\nAktuell sind wir 11 aktive m\u00e4nnliche Mitglieder und spielen meistens im Doppel.<br \/>\nWir trainieren nur zur k\u00f6rperlichen Fitness und nehmen nur selten an Turnieren teil. M\u00f6chten Sie mehr erfahren oder an einem Probetraining teilnehmen? Dann nehmen Sie gern <a href=\"https:\/\/www.sfvholthusen.de\/?page_id=17\">Kontakt<\/a> zu uns auf.<\/p>\n<ul>\n<li>Trainingszeiten:\u00a0\u00a0\u00a0\u00a0\u00a0 Montag, 19.30Uhr bis 21.00Uhr (auch in den Ferien)<\/li>\n<li>Kontakt:\u00a0\u00a0\u00a0\u00a0\u00a0\u00a0\u00a0\u00a0\u00a0\u00a0\u00a0\u00a0\u00a0\u00a0\u00a0\u00a0\u00a0\u00a0\u00a0\u00a0 Olaf K\u00f6nig, Tel. 0170 3394589<\/li>\n<\/ul>\n<div id=\"metaslider-id-206\" style=\"max-width: 800px;\" class=\"ml-slider-3-107-0 metaslider metaslider-nivo metaslider-206 ml-slider ms-theme-default\" role=\"region\" aria-label=\"Sektion Badminton\" data-height=\"500\" data-width=\"800\">\n    <div id=\"metaslider_container_206\">\n        <div class='slider-wrapper theme-default'><div class='ribbon'><\/div><div id='metaslider_206' class='nivoSlider'><img loading=\"lazy\" decoding=\"async\" src=\"https:\/\/www.sfvholthusen.de\/wp-content\/uploads\/2017\/11\/20171106_200952-800x500.jpg\" height=\"500\" width=\"800\" data-caption=\"Sektion Badminton\" alt=\"\" class=\"slider-206 slide-207 msDefaultImage\" \/><img loading=\"lazy\" decoding=\"async\" src=\"https:\/\/www.sfvholthusen.de\/wp-content\/uploads\/2017\/11\/20171106_195022-800x500.jpg\" height=\"500\" width=\"800\" data-caption=\"Sektion Badminton\" alt=\"\" class=\"slider-206 slide-208 msDefaultImage\" \/><img loading=\"lazy\" decoding=\"async\" src=\"https:\/\/www.sfvholthusen.de\/wp-content\/uploads\/2017\/11\/20171106_194952-800x500.jpg\" height=\"500\" width=\"800\" data-caption=\"Sektion Badminton\" alt=\"\" class=\"slider-206 slide-209 msDefaultImage\" \/><\/div><\/div>\n        \n    <\/div>\n<\/div>\n","protected":false},"excerpt":{"rendered":"<p>Die Holthusener Badmintongruppe stellt sich vor Unsere Badmintongruppe gibt seit 4 Jahren. Dieser Sport steigert die k\u00f6rperliche Fitness, die Reaktionsschnelligkeit und Konzentration. Au\u00dferdem macht Badminton besonders viel Spa\u00df. Uns stehen in der Sporthalle zwei Spielfelder zur Verf\u00fcgung. Aktuell sind wir 11 aktive m\u00e4nnliche Mitglieder und spielen meistens im Doppel. Wir trainieren nur zur k\u00f6rperlichen Fitness [&hellip;]<\/p>\n","protected":false},"author":1,"featured_media":0,"parent":0,"menu_order":0,"comment_status":"closed","ping_status":"closed","template":"","meta":{"footnotes":""},"class_list":["post-35","page","type-page","status-publish","hentry"],"_links":{"self":[{"href":"https:\/\/www.sfvholthusen.de\/index.php?rest_route=\/wp\/v2\/pages\/35","targetHints":{"allow":["GET"]}}],"collection":[{"href":"https:\/\/www.sfvholthusen.de\/index.php?rest_route=\/wp\/v2\/pages"}],"about":[{"href":"https:\/\/www.sfvholthusen.de\/index.php?rest_route=\/wp\/v2\/types\/page"}],"author":[{"embeddable":true,"href":"https:\/\/www.sfvholthusen.de\/index.php?rest_route=\/wp\/v2\/users\/1"}],"replies":[{"embeddable":true,"href":"https:\/\/www.sfvholthusen.de\/index.php?rest_route=%2Fwp%2Fv2%2Fcomments&post=35"}],"version-history":[{"count":8,"href":"https:\/\/www.sfvholthusen.de\/index.php?rest_route=\/wp\/v2\/pages\/35\/revisions"}],"predecessor-version":[{"id":551,"href":"https:\/\/www.sfvholthusen.de\/index.php?rest_route=\/wp\/v2\/pages\/35\/revisions\/551"}],"wp:attachment":[{"href":"https:\/\/www.sfvholthusen.de\/index.php?rest_route=%2Fwp%2Fv2%2Fmedia&parent=35"}],"curies":[{"name":"wp","href":"https:\/\/api.w.org\/{rel}","templated":true}]}}